{"id":3,"date":"2020-04-24T13:59:24","date_gmt":"2020-04-24T13:59:24","guid":{"rendered":"https:\/\/texascasa.org\/?page_id=3"},"modified":"2026-03-03T10:56:44","modified_gmt":"2026-03-03T16:56:44","slug":"politica-de-privacidad","status":"publish","type":"page","link":"https:\/\/texascasa.org\/es\/privacy-policy\/","title":{"rendered":"DECLARACI\u00d3N DE PRIVACIDAD"},"content":{"rendered":"<p><em>\u00daltima revisi\u00f3n: 27 de febrero de 2026.<\/em>\u00a0<\/p>\n\n\n\n<p>Esta declaraci\u00f3n de privacidad est\u00e1 dise\u00f1ada para informarle c\u00f3mo Texas CASA recopila y utiliza la informaci\u00f3n personal proporcionada a nuestro sitio web TexasCASA.org (el \u201cSitio\u201d) para que pueda tomar una decisi\u00f3n informada sobre el uso de nuestro Sitio. Lea esta declaraci\u00f3n antes de usar nuestro Sitio o enviarnos cualquier informaci\u00f3n personal. Al usar nuestro Sitio, usted consiente las pr\u00e1cticas de recopilaci\u00f3n y uso de la informaci\u00f3n aqu\u00ed descritas. Texas CASA se reserva el derecho de cambiar las disposiciones de esta declaraci\u00f3n de privacidad en cualquier momento, pero le alertar\u00e1 de que se han realizado cambios indicando en la declaraci\u00f3n de privacidad la fecha en que se actualiz\u00f3 por \u00faltima vez. Su uso del Sitio despu\u00e9s de la publicaci\u00f3n de dichos cambios o de la declaraci\u00f3n revisada constituir\u00e1 su aceptaci\u00f3n de dichos cambios. Le recomendamos que revise nuestra Declaraci\u00f3n de Privacidad cada vez que visite nuestro Sitio para asegurarse de que comprende c\u00f3mo se utilizar\u00e1 cualquier informaci\u00f3n personal que proporcione.\u00a0<\/p>\n\n\n\n<h1 class=\"wp-block-heading\" id=\"what-personal-information-do-we-collect\"><strong>\u00bfQU\u00c9 INFORMACI\u00d3N PERSONAL RECOPILAMOS?<\/strong><\/h1>\n\n\n\n<p>La organizaci\u00f3n miembro Texas CASA, junto con sus miembros locales de CASA, apoya y promueve la defensor\u00eda voluntaria designada por la corte para ni\u00f1os que han sido abusados y descuidados, para que puedan prosperar durante y despu\u00e9s de su tiempo bajo custodia. Para promover esta misi\u00f3n, Texas CASA puede recopilar cierta informaci\u00f3n de usted a trav\u00e9s de nuestro Sitio, incluida informaci\u00f3n personal (es decir, informaci\u00f3n individual que puede ser utilizada para identificarlo o contactarlo personalmente).\u00a0\u00a0<\/p>\n\n\n\n<p>En varios lugares de nuestro Sitio, recopilamos cierta informaci\u00f3n que usted nos proporciona voluntariamente y que puede contener informaci\u00f3n de identificaci\u00f3n personal. Por ejemplo, si realiza una donaci\u00f3n, se convierte en miembro, se une a nuestra lista de correo electr\u00f3nico, completa un formulario o se registra para un evento a trav\u00e9s del Sitio, podemos recopilar su nombre, direcci\u00f3n, tel\u00e9fono y correo electr\u00f3nico. Tambi\u00e9n puede proporcionarnos informaci\u00f3n de su tarjeta de cr\u00e9dito para el pago de compras, donaciones, registro de eventos, cuotas de membres\u00eda u otras cuotas que Texas CASA recopile. Sin embargo, la informaci\u00f3n de la tarjeta de cr\u00e9dito solo se utiliza para procesar la transacci\u00f3n y nunca se guarda. Adem\u00e1s, de vez en cuando, nuestro Sitio puede solicitar informaci\u00f3n como parte de encuestas o concursos, o en relaci\u00f3n con solicitudes de subvenciones e informes. Si nos env\u00eda una solicitud por correo electr\u00f3nico o participa en nuestros foros, tambi\u00e9n podemos almacenar esa informaci\u00f3n.&nbsp;<\/p>\n\n\n\n<p>Texas CASA puede usar su direcci\u00f3n IP para ayudar a diagnosticar problemas con nuestro servidor, administrar nuestro sitio o rastrear el tr\u00e1fico de visitantes del sitio web. Tambi\u00e9n usamos mensajes de \u201ccookie\u201d para ayudar a brindar mejores servicios de forma autom\u00e1tica. Las cookies nos recuerdan qui\u00e9n es usted y sus preferencias para nuestro sitio web bas\u00e1ndonos en lo que ha hecho y nos ha dicho antes. Tambi\u00e9n nos permiten rastrear su uso de nuestros sitios para que sepamos qu\u00e9 partes de nuestro sitio son las m\u00e1s populares. Puede rechazar o cancelar las cookies siguiendo las instrucciones que le proporcionar\u00e1 su navegador web.&nbsp;<\/p>\n\n\n\n<h1 class=\"wp-block-heading\" id=\"how-do-we-use-the-personal-information-we-collect\"><strong>\u00bfC\u00d3MO UTILIZAMOS LA INFORMACI\u00d3N PERSONAL QUE RECOPILAMOS?<\/strong><\/h1>\n\n\n\n<p>Texas CASA es el \u00fanico propietario de la informaci\u00f3n recopilada en el Sitio. La informaci\u00f3n personal que usted proporciona a Texas CASA (como su direcci\u00f3n de correo electr\u00f3nico) puede ser utilizada por Texas CASA de las siguientes maneras:\u00a0<\/p>\n\n\n\n<ul class=\"wp-block-list\">\n<li>para contactarte sobre tu uso del Sitio o acerca de nuestros programas, servicios, productos, actividades o eventos especiales;\u00a0<\/li>\n\n\n\n<li>para defender a los ni\u00f1os y promover nuestra misi\u00f3n;\u00a0<\/li>\n\n\n\n<li>para responder a tus comentarios o solicitudes;\u00a0<\/li>\n\n\n\n<li>para solicitar comentarios y para que podamos desarrollar y mejorar el Sitio, nuestros productos y servicios;\u00a0<\/li>\n\n\n\n<li>para fines internos y de marketing, promocionales, informativos y de recaudaci\u00f3n de fondos; y\u00a0<\/li>\n\n\n\n<li>para el prop\u00f3sito espec\u00edfico para el cual se proporcion\u00f3 la informaci\u00f3n.\u00a0<\/li>\n<\/ul>\n\n\n\n<h1 class=\"wp-block-heading\" id=\"what-personal-information-do-we-share-with-third-parties\"><strong>\u00bfQU\u00c9 INFORMACI\u00d3N PERSONAL COMPARTIMOS CON TERCEROS?<\/strong><\/h1>\n\n\n\n<p>No venderemos, compartiremos ni alquilaremos ninguna informaci\u00f3n personal a terceros de manera diferente a la divulgada en esta declaraci\u00f3n. Podemos proporcionar informaci\u00f3n agregada (es decir, informaci\u00f3n que recopilamos y que no permite su identificaci\u00f3n o contacto personal) a terceros sin su autorizaci\u00f3n, como informaci\u00f3n sobre su acceso y uso del Sitio. Podemos divulgar la informaci\u00f3n personal que usted proporciona a contratistas independientes, voluntarios, agencias, proveedores de servicios y consultores que son contratados por Texas CASA o que trabajan con ella y que necesitan acceso a dicha informaci\u00f3n para llevar a cabo sus programas o servicios. Por ejemplo, podemos utilizar empresas de procesamiento de tarjetas de cr\u00e9dito para procesar pagos y empresas de env\u00edo externas para enviar pedidos. Podemos asociarnos con otras agencias u organizaciones para proporcionar programas o servicios espec\u00edficos y compartiremos informaci\u00f3n con ellas para facilitar la provisi\u00f3n de dichos programas o servicios. Tambi\u00e9n podemos divulgar la informaci\u00f3n personal que hemos recopilado si la ley as\u00ed lo requiere o si, a nuestro juicio de buena fe, dicha acci\u00f3n es razonablemente necesaria para cumplir con un proceso legal, responder a cualquier reclamo o proteger los derechos de Texas CASA, sus constituyentes y el p\u00fablico.&nbsp;<\/p>\n\n\n\n<p>Por favor, tenga en cuenta: El Sitio puede contener enlaces a otros sitios. Texas CASA no es responsable de las pr\u00e1cticas de privacidad de dichos sitios. Alentamos a nuestros usuarios\/suscriptores a que sean conscientes cuando abandonan nuestro Sitio y lean las declaraciones de privacidad de cada sitio web que recopila informaci\u00f3n de identificaci\u00f3n personal. De manera similar, si accedi\u00f3 a este Sitio a trav\u00e9s de otro sitio web, Texas CASA tampoco es responsable de las pr\u00e1cticas de privacidad de ese sitio, y usted debe revisar la pol\u00edtica de privacidad del sitio de origen antes de proporcionar cualquier informaci\u00f3n personal a ese sitio. Esta declaraci\u00f3n de privacidad se aplica \u00fanicamente a la informaci\u00f3n recopilada por Texas CASA.&nbsp;<\/p>\n\n\n\n<h1 class=\"wp-block-heading\" id=\"what-steps-do-we-take-to-protect-your-information-online\"><strong>\u00bfQU\u00c9 PASOS SEGUIMOS PARA PROTEGER SU INFORMACI\u00d3N EN L\u00cdNEA?<\/strong><\/h1>\n\n\n\n<p>Empleamos precauciones razonables para proteger la informaci\u00f3n del usuario en l\u00ednea. Por ejemplo, las computadoras de nuestros empleados tienen protecci\u00f3n por contrase\u00f1a y brindamos educaci\u00f3n regular a nuestros empleados sobre nuestras pr\u00e1cticas de seguridad y privacidad. Mantenemos todos los datos en un software seguro de gesti\u00f3n de datos. Cuando recopilamos informaci\u00f3n de tarjetas de cr\u00e9dito, utilizamos un servidor seguro con software de encriptaci\u00f3n Secure Socket Layer (SSL) que dificulta el acceso no autorizado.\u00a0<\/p>\n\n\n\n<h1 class=\"wp-block-heading\" id=\"how-can-you-correct-and-update-your-personal-information\"><strong>\u00bfC\u00d3MO PUEDE CORREGIR Y ACTUALIZAR SU INFORMACI\u00d3N PERSONAL?<\/strong><\/h1>\n\n\n\n<p>Si desea verificar, corregir o eliminar alguna informaci\u00f3n personal, por favor cont\u00e1ctenos en <a href=\"mailto:communications@texascasa.org\" target=\"_blank\" rel=\"noreferrer noopener\">communications@texascasa.org<\/a>.\u00a0<\/p>\n\n\n\n<h1 class=\"wp-block-heading\" id=\"what-choices-do-you-have-regarding-the-use-of-your-information\"><strong>\u00bfQU\u00c9 OPCIONES TIENE RESPECTO AL USO DE SU INFORMACI\u00d3N?<\/strong><\/h1>\n\n\n\n<p>Puedes \u201coptar por no recibir\u201d comunicaciones de Texas CASA, excepto en la medida en que dicha informaci\u00f3n sea necesaria para completar cualesquiera servicios o transacciones en los que hayas participado, envi\u00e1ndonos un correo electr\u00f3nico a <a href=\"mailto:communications@texascasa.org\" target=\"_blank\" rel=\"noreferrer noopener\">communications@texascasa.org<\/a>. Tambi\u00e9n puedes cancelar tu suscripci\u00f3n a los boletines informativos siguiendo las instrucciones al pie del bolet\u00edn.\u00a0\u00a0<\/p>\n\n\n\n<h1 class=\"wp-block-heading\" id=\"changes-to-our-privacy-policy\"><strong>CAMBIOS A NUESTRA POL\u00cdTICA DE PRIVACIDAD<\/strong><\/h1>\n\n\n\n<p>Nuestra Compa\u00f1\u00eda mantiene su pol\u00edtica de privacidad bajo revisi\u00f3n peri\u00f3dica y publica cualquier actualizaci\u00f3n en esta p\u00e1gina web. Esta pol\u00edtica de privacidad se actualiz\u00f3 por \u00faltima vez el 27 de febrero de 2026.\u00a0<\/p>\n\n\n\n<h1 class=\"wp-block-heading\" id=\"how-to-contact-us\"><strong>C\u00d3MO CONTACTARNOS<\/strong><\/h1>\n\n\n\n<p>Si tienes alguna pregunta sobre esta Declaraci\u00f3n de Privacidad o sobre c\u00f3mo se utiliza la informaci\u00f3n personal recopilada en nuestro Sitio, puedes contactarnos en <a href=\"mailto:communications@texascasa.org\" target=\"_blank\" rel=\"noreferrer noopener\">communications@texascasa.org<\/a>.\u00a0<\/p>","protected":false},"excerpt":{"rendered":"<p>Last revised February 27, 2026.\u00a0 This privacy statement is designed to tell you how Texas CASA collects and uses personal information provided to our website TexasCASA.org (the \u201cSite\u201d) so you [&hellip;]<\/p>\n","protected":false},"author":4,"featured_media":40088,"parent":0,"menu_order":0,"comment_status":"closed","ping_status":"open","template":"","meta":{"_acf_changed":false,"_tec_requires_first_save":true,"_gspb_post_css":"","inline_featured_image":false,"_kad_blocks_custom_css":"","_kad_blocks_head_custom_js":"","_kad_blocks_body_custom_js":"","_kad_blocks_footer_custom_js":"","_EventAllDay":false,"_EventTimezone":"","_EventStartDate":"","_EventEndDate":"","_EventStartDateUTC":"","_EventEndDateUTC":"","_EventShowMap":false,"_EventShowMapLink":false,"_EventURL":"","_EventCost":"","_EventCostDescription":"","_EventCurrencySymbol":"","_EventCurrencyCode":"","_EventCurrencyPosition":"","_EventDateTimeSeparator":"","_EventTimeRangeSeparator":"","_EventOrganizerID":[],"_EventVenueID":[],"_OrganizerEmail":"","_OrganizerPhone":"","_OrganizerWebsite":"","_VenueAddress":"","_VenueCity":"","_VenueCountry":"","_VenueProvince":"","_VenueState":"","_VenueZip":"","_VenuePhone":"","_VenueURL":"","_VenueStateProvince":"","_VenueLat":"","_VenueLng":"","_VenueShowMap":false,"_VenueShowMapLink":false,"_tribe_blocks_recurrence_rules":"","_tribe_blocks_recurrence_description":"","_tribe_blocks_recurrence_exclusions":"","footnotes":""},"topics":[],"class_list":["post-3","page","type-page","status-publish","has-post-thumbnail","hentry"],"blocksy_meta":[],"acf":[],"taxonomy_info":[],"featured_image_src_large":["https:\/\/texascasa.org\/wp-content\/uploads\/2024\/07\/iStock-1311298277-1024x683.jpg",1024,683,true],"author_info":{"display_name":"Caitlyn Perdue","author_link":"https:\/\/texascasa.org\/es\/author\/cperdue\/"},"comment_info":0,"_links":{"self":[{"href":"https:\/\/texascasa.org\/es\/wp-json\/wp\/v2\/pages\/3","targetHints":{"allow":["GET"]}}],"collection":[{"href":"https:\/\/texascasa.org\/es\/wp-json\/wp\/v2\/pages"}],"about":[{"href":"https:\/\/texascasa.org\/es\/wp-json\/wp\/v2\/types\/page"}],"author":[{"embeddable":true,"href":"https:\/\/texascasa.org\/es\/wp-json\/wp\/v2\/users\/4"}],"replies":[{"embeddable":true,"href":"https:\/\/texascasa.org\/es\/wp-json\/wp\/v2\/comments?post=3"}],"version-history":[{"count":0,"href":"https:\/\/texascasa.org\/es\/wp-json\/wp\/v2\/pages\/3\/revisions"}],"wp:featuredmedia":[{"embeddable":true,"href":"https:\/\/texascasa.org\/es\/wp-json\/wp\/v2\/media\/40088"}],"wp:attachment":[{"href":"https:\/\/texascasa.org\/es\/wp-json\/wp\/v2\/media?parent=3"}],"wp:term":[{"taxonomy":"topics","embeddable":true,"href":"https:\/\/texascasa.org\/es\/wp-json\/wp\/v2\/topics?post=3"}],"curies":[{"name":"wordpress","href":"https:\/\/api.w.org\/{rel}","templated":true}]}}